{"id":43,"date":"2024-05-01T20:16:04","date_gmt":"2024-05-01T20:16:04","guid":{"rendered":"https:\/\/espaciopsicointegral.com\/?page_id=43"},"modified":"2024-05-06T00:26:57","modified_gmt":"2024-05-06T00:26:57","slug":"conversemos","status":"publish","type":"page","link":"https:\/\/espaciopsicointegral.com\/index.php\/conversemos\/","title":{"rendered":"Conversemos"},"content":{"rendered":"\n<p style=\"margin-right:5%;margin-left:5%\">Ponete en contacto conmigo de la forma que m\u00e1s te guste, pod\u00e9s escribirme un correo, llamarme o enviarme mensaje por WhatsApp.<br><br>Tel\u00e9fono: <a href=\"callto:84984952\">(+506) 84.98.49.52<\/a><br>Whatsapp: <a href=\"https:\/\/wa.me\/84984952\">84984952<\/a><br>Correo: <a href=\"mailto:doctorakarla@espaciopsicointegral.com\">doctorakarla@espaciopsicointegral.com<\/a><\/p>\n\n\n\n<p><\/p>\n","protected":false},"excerpt":{"rendered":"<p>Ponete en contacto conmigo de la forma que m\u00e1s te guste, pod\u00e9s escribirme un correo, llamarme o enviarme mensaje por WhatsApp. Tel\u00e9fono: (+506) 84.98.49.52Whatsapp: 84984952Correo: doctorakarla@espaciopsicointegral.com<\/p>\n","protected":false},"author":1,"featured_media":0,"parent":0,"menu_order":0,"comment_status":"closed","ping_status":"closed","template":"","meta":{"footnotes":""},"class_list":["post-43","page","type-page","status-publish","hentry"],"_links":{"self":[{"href":"https:\/\/espaciopsicointegral.com\/index.php\/wp-json\/wp\/v2\/pages\/43","targetHints":{"allow":["GET"]}}],"collection":[{"href":"https:\/\/espaciopsicointegral.com\/index.php\/wp-json\/wp\/v2\/pages"}],"about":[{"href":"https:\/\/espaciopsicointegral.com\/index.php\/wp-json\/wp\/v2\/types\/page"}],"author":[{"embeddable":true,"href":"https:\/\/espaciopsicointegral.com\/index.php\/wp-json\/wp\/v2\/users\/1"}],"replies":[{"embeddable":true,"href":"https:\/\/espaciopsicointegral.com\/index.php\/wp-json\/wp\/v2\/comments?post=43"}],"version-history":[{"count":5,"href":"https:\/\/espaciopsicointegral.com\/index.php\/wp-json\/wp\/v2\/pages\/43\/revisions"}],"predecessor-version":[{"id":110,"href":"https:\/\/espaciopsicointegral.com\/index.php\/wp-json\/wp\/v2\/pages\/43\/revisions\/110"}],"wp:attachment":[{"href":"https:\/\/espaciopsicointegral.com\/index.php\/wp-json\/wp\/v2\/media?parent=43"}],"curies":[{"name":"wp","href":"https:\/\/api.w.org\/{rel}","templated":true}]}}