{"id":2,"date":"2024-04-10T03:24:06","date_gmt":"2024-04-10T03:24:06","guid":{"rendered":"https:\/\/espaciopsicointegral.com\/?page_id=2"},"modified":"2024-05-06T00:44:43","modified_gmt":"2024-05-06T00:44:43","slug":"sobre-mi","status":"publish","type":"page","link":"https:\/\/espaciopsicointegral.com\/index.php\/sobre-mi\/","title":{"rendered":"Sobre mi"},"content":{"rendered":"\n<div class=\"wp-block-columns is-layout-flex wp-container-core-columns-is-layout-a9d98ab9 wp-block-columns-is-layout-flex\" style=\"padding-right:5%;padding-left:5%\">\n<div class=\"wp-block-column is-layout-flow wp-block-column-is-layout-flow\">\n<figure class=\"wp-block-image size-large has-custom-border is-style-rounded\"><img loading=\"lazy\" decoding=\"async\" width=\"1024\" height=\"678\" src=\"https:\/\/espaciopsicointegral.com\/wp-content\/uploads\/2024\/05\/PHOTO-2024-04-24-08-22-56-1-1-1024x678.jpg\" alt=\"Doctora Karla Valverde Quir\u00f3s\" class=\"wp-image-87\" style=\"border-radius:10px\" srcset=\"https:\/\/espaciopsicointegral.com\/wp-content\/uploads\/2024\/05\/PHOTO-2024-04-24-08-22-56-1-1-1024x678.jpg 1024w, https:\/\/espaciopsicointegral.com\/wp-content\/uploads\/2024\/05\/PHOTO-2024-04-24-08-22-56-1-1-300x199.jpg 300w, https:\/\/espaciopsicointegral.com\/wp-content\/uploads\/2024\/05\/PHOTO-2024-04-24-08-22-56-1-1-768x509.jpg 768w, https:\/\/espaciopsicointegral.com\/wp-content\/uploads\/2024\/05\/PHOTO-2024-04-24-08-22-56-1-1-1536x1018.jpg 1536w, https:\/\/espaciopsicointegral.com\/wp-content\/uploads\/2024\/05\/PHOTO-2024-04-24-08-22-56-1-1.jpg 1600w\" sizes=\"auto, (max-width: 1024px) 100vw, 1024px\" \/><\/figure>\n<\/div>\n\n\n\n<div class=\"wp-block-column is-layout-flow wp-block-column-is-layout-flow\">\n<p>\u00a1Hola! Soy Karla Valverde Quir\u00f3s y tengo una Maestr\u00eda en Psicolog\u00eda Cl\u00ednica y de la Salud de la Universidad de Costa Rica, mi c\u00f3digo profesional es el 5108.<br><br>Considero la formaci\u00f3n continua un elemento imprescindible para poder ofrecer los tratamientos m\u00e1s actualizados en salud mental. Por este motivo asisto habitualmente a cursos o capacitaciones dentro de mi especialidad.<br><br>En la actualidad, tengo entrenamiento en Terapia Focalizada en Emociones tanto abordaje individual como de pareja, tambi\u00e9n estoy certificada como Cl\u00ednica en Trauma Psicol\u00f3gico por la Asociaci\u00f3n Internacional de Psicotraumatolog\u00eda, me he capacitado en Desensibilizacion y Reprocesamiento por medio del Movimiento Ocular (EMDR), en Internal Family System (IFS) y estoy cursando la formaci\u00f3n en Neurofeedback con Boston Neurodynamics.<\/p>\n<\/div>\n<\/div>\n\n\n\n<p style=\"padding-top:0%;padding-right:5%;padding-bottom:5%;padding-left:5%\">D\u00eda a d\u00eda me dedico a la consulta privada en Espacio Psicointegral, enfocada principalmente, en poblaci\u00f3n adolescente y adulta. Me apasiona hacer ejercicio, leer, caminar por la monta\u00f1a y pasar tiempo con mis mascotas.<\/p>\n","protected":false},"excerpt":{"rendered":"<p>\u00a1Hola! Soy Karla Valverde Quir\u00f3s y tengo una Maestr\u00eda en Psicolog\u00eda Cl\u00ednica y de la Salud de la Universidad de Costa Rica, mi c\u00f3digo profesional es el 5108. Considero la formaci\u00f3n continua un elemento imprescindible para poder ofrecer los tratamientos m\u00e1s actualizados en salud mental. Por este motivo asisto habitualmente a cursos o capacitaciones dentro [&hellip;]<\/p>\n","protected":false},"author":1,"featured_media":0,"parent":0,"menu_order":0,"comment_status":"closed","ping_status":"closed","template":"","meta":{"footnotes":""},"class_list":["post-2","page","type-page","status-publish","hentry"],"_links":{"self":[{"href":"https:\/\/espaciopsicointegral.com\/index.php\/wp-json\/wp\/v2\/pages\/2","targetHints":{"allow":["GET"]}}],"collection":[{"href":"https:\/\/espaciopsicointegral.com\/index.php\/wp-json\/wp\/v2\/pages"}],"about":[{"href":"https:\/\/espaciopsicointegral.com\/index.php\/wp-json\/wp\/v2\/types\/page"}],"author":[{"embeddable":true,"href":"https:\/\/espaciopsicointegral.com\/index.php\/wp-json\/wp\/v2\/users\/1"}],"replies":[{"embeddable":true,"href":"https:\/\/espaciopsicointegral.com\/index.php\/wp-json\/wp\/v2\/comments?post=2"}],"version-history":[{"count":25,"href":"https:\/\/espaciopsicointegral.com\/index.php\/wp-json\/wp\/v2\/pages\/2\/revisions"}],"predecessor-version":[{"id":125,"href":"https:\/\/espaciopsicointegral.com\/index.php\/wp-json\/wp\/v2\/pages\/2\/revisions\/125"}],"wp:attachment":[{"href":"https:\/\/espaciopsicointegral.com\/index.php\/wp-json\/wp\/v2\/media?parent=2"}],"curies":[{"name":"wp","href":"https:\/\/api.w.org\/{rel}","templated":true}]}}